{"id":346,"date":"2026-04-24T17:25:49","date_gmt":"2026-04-24T17:25:49","guid":{"rendered":"https:\/\/karismamedia.fi\/?page_id=346"},"modified":"2026-04-25T11:18:18","modified_gmt":"2026-04-25T11:18:18","slug":"yhteystiedot","status":"publish","type":"page","link":"https:\/\/karismamedia.fi\/?page_id=346","title":{"rendered":"Yhteystiedot"},"content":{"rendered":"\n<p class=\"has-calcite-pro-font-family\">Hei! Tavoitatte minut s\u00e4hk\u00f6postitse: <a href=\"mailto:markus.kosonen@karismamedia.fi\">markus.kosonen@karismamedia.fi<\/a><\/p>\n\n\n\n<p>Tai vaihtoehtoisesti t\u00e4m\u00e4n alla olevan lomakkeen kautta:<br><\/p>\n\n\n\t<style>\n\t\t.kf2-wrap{max-width:620px;margin:0 auto}\n\t\t.kf2-form{padding:42px;background:linear-gradient(145deg,rgba(10,22,45,.95) 0%,rgba(15,30,60,.9) 100%);border:1px solid rgba(100,180,255,.15)}\n\t\t.kf2-group{margin-bottom:22px}\n\t\t.kf2-group label{display:block;color:#ccd6e2;margin-bottom:8px;font-size:12px;letter-spacing:.12em;text-transform:uppercase;font-weight:700}\n\t\t.kf2-group input,.kf2-group textarea,.kf2-group select{width:100%;box-sizing:border-box;padding:15px 16px;background:rgba(0,10,25,.6);border:1px solid rgba(255,255,255,.15);color:#fff}\n\t\t.kf2-group textarea{min-height:150px;resize:vertical}\n\t\t.kf2-submit{width:100%;padding:16px;background:#fff;color:#0a1628;border:none;font-weight:700;letter-spacing:.12em;text-transform:uppercase;cursor:pointer}\n\t\t.kf2-message{padding:14px;margin-bottom:14px}\n\t\t.kf2-success{background:rgba(46,125,50,.2);border:1px solid rgba(76,175,80,.5);color:#98db9c}\n\t\t.kf2-error{background:rgba(198,40,40,.2);border:1px solid rgba(229,57,53,.5);color:#ffb4b4}\n\t\t.kf2-hp{position:absolute;left:-9999px;opacity:0;pointer-events:none}\n\t<\/style>\n\t<div class=\"kf2-wrap\">\n\t\t\n\t\t<form class=\"kf2-form\" method=\"post\" action=\"https:\/\/karismamedia.fi\/wp-admin\/admin-post.php\">\n\t\t\t<input type=\"hidden\" id=\"kf2_nonce\" name=\"kf2_nonce\" value=\"3d105dfda2\" \/><input type=\"hidden\" name=\"_wp_http_referer\" value=\"\/index.php?rest_route=%2Fwp%2Fv2%2Fpages%2F346\" \/>\t\t\t<input type=\"hidden\" name=\"action\" value=\"kf2_submit\">\n\t\t\t<input type=\"hidden\" name=\"kf2_form_id\" value=\"401\">\n\t\t\t<input type=\"hidden\" name=\"kf2_return\" value=\"https:\/\/karismamedia.fi\/index.php?rest_route=wpv2pages346\">\n\t\t\t<input type=\"text\" name=\"kf2_website\" value=\"\" autocomplete=\"off\" tabindex=\"-1\" class=\"kf2-hp\">\n\n\t\t\t\t\t\t\t\t\t\t\t<div class=\"kf2-group\">\n\t\t\t\t\t<label for=\"kf2-name\">Nimi *<\/label>\n\t\t\t\t\t\t\t\t\t\t\t\t\t\t\t\t\t<input type=\"text\" id=\"kf2-name\" name=\"kf2_fields_data[name]\" placeholder=\"Nimesi\" required>\n\t\t\t\t\t\t\t\t\t<\/div>\n\t\t\t\t\t\t\t\t\t\t\t<div class=\"kf2-group\">\n\t\t\t\t\t<label for=\"kf2-email\">Sahkoposti *<\/label>\n\t\t\t\t\t\t\t\t\t\t\t\t\t\t\t\t\t<input type=\"email\" id=\"kf2-email\" name=\"kf2_fields_data[email]\" placeholder=\"Sahkopostiosoitteesi\" required>\n\t\t\t\t\t\t\t\t\t<\/div>\n\t\t\t\t\t\t\t\t\t\t\t<div class=\"kf2-group\">\n\t\t\t\t\t<label for=\"kf2-phone\">Puhelin<\/label>\n\t\t\t\t\t\t\t\t\t\t\t\t\t\t\t\t\t<input type=\"tel\" id=\"kf2-phone\" name=\"kf2_fields_data[phone]\" placeholder=\"Puhelinnumerosi\">\n\t\t\t\t\t\t\t\t\t<\/div>\n\t\t\t\t\t\t\t\t\t\t\t<div class=\"kf2-group\">\n\t\t\t\t\t<label for=\"kf2-message\">Viesti *<\/label>\n\t\t\t\t\t\t\t\t\t\t\t<textarea id=\"kf2-message\" name=\"kf2_fields_data[message]\" placeholder=\"Kirjoita viestisi tahan...\" required><\/textarea>\n\t\t\t\t\t\t\t\t\t<\/div>\n\t\t\t\t\t\t\t\t\t\t\t<div class=\"kf2-group\">\n\t\t\t\t\t<label for=\"kf2-kiireys_asteikko\">Asian kiirellisyys<\/label>\n\t\t\t\t\t\t\t\t\t\t\t<select id=\"kf2-kiireys_asteikko\" name=\"kf2_fields_data[kiireys_asteikko]\">\n\t\t\t\t\t\t\t<option value=\"\">Kuinka kiireinen asiasi on?<\/option>\n\t\t\t\t\t\t\t\t\t\t\t\t\t\t\t<option value=\"eritt\u00e4in kiireellinen\">eritt\u00e4in kiireellinen<\/option>\n\t\t\t\t\t\t\t\t\t\t\t\t\t\t\t<option value=\"kiireellinen\">kiireellinen<\/option>\n\t\t\t\t\t\t\t\t\t\t\t\t\t\t\t<option value=\"ei kiireellinen\">ei kiireellinen<\/option>\n\t\t\t\t\t\t\t\t\t\t\t\t\t<\/select>\n\t\t\t\t\t\t\t\t\t<\/div>\n\t\t\t\n\t\t\t<button type=\"submit\" class=\"kf2-submit\">Laheta<\/button>\n\t\t<\/form>\n\t<\/div>\n\t\n","protected":false},"excerpt":{"rendered":"<p>Hei! Tavoitatte minut s\u00e4hk\u00f6postitse: markus.kosonen@karismamedia.fi Tai vaihtoehtoisesti t\u00e4m\u00e4n alla olevan lomakkeen kautta:<\/p>\n","protected":false},"author":2,"featured_media":0,"parent":0,"menu_order":0,"comment_status":"closed","ping_status":"closed","template":"","meta":{"footnotes":""},"class_list":["post-346","page","type-page","status-publish","hentry"],"_links":{"self":[{"href":"https:\/\/karismamedia.fi\/index.php?rest_route=\/wp\/v2\/pages\/346","targetHints":{"allow":["GET"]}}],"collection":[{"href":"https:\/\/karismamedia.fi\/index.php?rest_route=\/wp\/v2\/pages"}],"about":[{"href":"https:\/\/karismamedia.fi\/index.php?rest_route=\/wp\/v2\/types\/page"}],"author":[{"embeddable":true,"href":"https:\/\/karismamedia.fi\/index.php?rest_route=\/wp\/v2\/users\/2"}],"replies":[{"embeddable":true,"href":"https:\/\/karismamedia.fi\/index.php?rest_route=%2Fwp%2Fv2%2Fcomments&post=346"}],"version-history":[{"count":4,"href":"https:\/\/karismamedia.fi\/index.php?rest_route=\/wp\/v2\/pages\/346\/revisions"}],"predecessor-version":[{"id":402,"href":"https:\/\/karismamedia.fi\/index.php?rest_route=\/wp\/v2\/pages\/346\/revisions\/402"}],"wp:attachment":[{"href":"https:\/\/karismamedia.fi\/index.php?rest_route=%2Fwp%2Fv2%2Fmedia&parent=346"}],"curies":[{"name":"wp","href":"https:\/\/api.w.org\/{rel}","templated":true}]}}