{"id":24,"date":"2026-01-13T09:38:10","date_gmt":"2026-01-13T09:38:10","guid":{"rendered":"http:\/\/karismamedia.fi\/?page_id=24"},"modified":"2026-04-25T11:10:21","modified_gmt":"2026-04-25T11:10:21","slug":"esiintyjat","status":"publish","type":"page","link":"https:\/\/karismamedia.fi\/?page_id=24","title":{"rendered":"Esiintyj\u00e4t"},"content":{"rendered":"\t<style>\n\t\t.kf2-wrap{max-width:620px;margin:0 auto}\n\t\t.kf2-form{padding:42px;background:linear-gradient(145deg,rgba(10,22,45,.95) 0%,rgba(15,30,60,.9) 100%);border:1px solid rgba(100,180,255,.15)}\n\t\t.kf2-group{margin-bottom:22px}\n\t\t.kf2-group label{display:block;color:#ccd6e2;margin-bottom:8px;font-size:12px;letter-spacing:.12em;text-transform:uppercase;font-weight:700}\n\t\t.kf2-group input,.kf2-group textarea,.kf2-group select{width:100%;box-sizing:border-box;padding:15px 16px;background:rgba(0,10,25,.6);border:1px solid rgba(255,255,255,.15);color:#fff}\n\t\t.kf2-group textarea{min-height:150px;resize:vertical}\n\t\t.kf2-submit{width:100%;padding:16px;background:#fff;color:#0a1628;border:none;font-weight:700;letter-spacing:.12em;text-transform:uppercase;cursor:pointer}\n\t\t.kf2-message{padding:14px;margin-bottom:14px}\n\t\t.kf2-success{background:rgba(46,125,50,.2);border:1px solid rgba(76,175,80,.5);color:#98db9c}\n\t\t.kf2-error{background:rgba(198,40,40,.2);border:1px solid rgba(229,57,53,.5);color:#ffb4b4}\n\t\t.kf2-hp{position:absolute;left:-9999px;opacity:0;pointer-events:none}\n\t<\/style>\n\t<div class=\"kf2-wrap\">\n\t\t\n\t\t<form class=\"kf2-form\" method=\"post\" action=\"https:\/\/karismamedia.fi\/wp-admin\/admin-post.php\">\n\t\t\t<input type=\"hidden\" id=\"kf2_nonce\" name=\"kf2_nonce\" value=\"cb286f417b\" \/><input type=\"hidden\" name=\"_wp_http_referer\" value=\"\/index.php?rest_route=%2Fwp%2Fv2%2Fpages%2F24\" \/>\t\t\t<input type=\"hidden\" name=\"action\" value=\"kf2_submit\">\n\t\t\t<input type=\"hidden\" name=\"kf2_form_id\" value=\"353\">\n\t\t\t<input type=\"hidden\" name=\"kf2_return\" value=\"https:\/\/karismamedia.fi\/index.php?rest_route=wpv2pages24\">\n\t\t\t<input type=\"text\" name=\"kf2_website\" value=\"\" autocomplete=\"off\" tabindex=\"-1\" class=\"kf2-hp\">\n\n\t\t\t\t\t\t\t\t\t\t\t<div class=\"kf2-group\">\n\t\t\t\t\t<label for=\"kf2-name\">Nimi *<\/label>\n\t\t\t\t\t\t\t\t\t\t\t\t\t\t\t\t\t<input type=\"text\" id=\"kf2-name\" name=\"kf2_fields_data[name]\" placeholder=\"Nimesi\" required>\n\t\t\t\t\t\t\t\t\t<\/div>\n\t\t\t\t\t\t\t\t\t\t\t<div class=\"kf2-group\">\n\t\t\t\t\t<label for=\"kf2-email\">S\u00e4hk\u00f6posti *<\/label>\n\t\t\t\t\t\t\t\t\t\t\t\t\t\t\t\t\t<input type=\"email\" id=\"kf2-email\" name=\"kf2_fields_data[email]\" placeholder=\"S\u00e4hk\u00f6postiosoitteesi\" required>\n\t\t\t\t\t\t\t\t\t<\/div>\n\t\t\t\t\t\t\t\t\t\t\t<div class=\"kf2-group\">\n\t\t\t\t\t<label for=\"kf2-phone\">Puhelinnumero *<\/label>\n\t\t\t\t\t\t\t\t\t\t\t\t\t\t\t\t\t<input type=\"tel\" id=\"kf2-phone\" name=\"kf2_fields_data[phone]\" placeholder=\"Puhelinnumerosi\" required>\n\t\t\t\t\t\t\t\t\t<\/div>\n\t\t\t\t\t\t\t\t\t\t\t<div class=\"kf2-group\">\n\t\t\t\t\t<label for=\"kf2-message\">Viesti *<\/label>\n\t\t\t\t\t\t\t\t\t\t\t<textarea id=\"kf2-message\" name=\"kf2_fields_data[message]\" placeholder=\"Kirjoita viestisi t\u00e4h\u00e4n...\" required><\/textarea>\n\t\t\t\t\t\t\t\t\t<\/div>\n\t\t\t\t\t\t\t\t\t\t\t<div class=\"kf2-group\">\n\t\t\t\t\t<label for=\"kf2-artisti\">Valitse artisti *<\/label>\n\t\t\t\t\t\t\t\t\t\t\t<select id=\"kf2-artisti\" name=\"kf2_fields_data[artisti]\" required>\n\t\t\t\t\t\t\t<option value=\"\">Artisti listat...<\/option>\n\t\t\t\t\t\t\t\t\t\t\t\t\t\t\t<option value=\"The Ukkometsot\">The Ukkometsot<\/option>\n\t\t\t\t\t\t\t\t\t\t\t\t\t\t\t<option value=\"Juupe &amp; Upeet\">Juupe &amp; Upeet<\/option>\n\t\t\t\t\t\t\t\t\t\t\t\t\t\t\t<option value=\"Pianisti Jenni J\u00e4ske\">Pianisti Jenni J\u00e4ske<\/option>\n\t\t\t\t\t\t\t\t\t\t\t\t\t\t\t<option value=\"Kaiho Hetkenlaulaja\">Kaiho Hetkenlaulaja<\/option>\n\t\t\t\t\t\t\t\t\t\t\t\t\t<\/select>\n\t\t\t\t\t\t\t\t\t<\/div>\n\t\t\t\t\t\t\t\t\t\t\t<div class=\"kf2-group\">\n\t\t\t\t\t<label for=\"kf2-tapahtumanpivmr\">P\u00e4iv\u00e4m\u00e4\u00e4r\u00e4 *<\/label>\n\t\t\t\t\t\t\t\t\t\t\t\t\t\t\t\t\t<input type=\"date\" id=\"kf2-tapahtumanpivmr\" name=\"kf2_fields_data[tapahtumanpivmr]\" placeholder=\"\" required>\n\t\t\t\t\t\t\t\t\t<\/div>\n\t\t\t\n\t\t\t<button type=\"submit\" class=\"kf2-submit\">L\u00e4het\u00e4<\/button>\n\t\t<\/form>\n\t<\/div>\n\t\n\n\n\n<p><\/p>\n","protected":false},"excerpt":{"rendered":"","protected":false},"author":1,"featured_media":0,"parent":0,"menu_order":0,"comment_status":"closed","ping_status":"closed","template":"","meta":{"footnotes":""},"class_list":["post-24","page","type-page","status-publish","hentry"],"_links":{"self":[{"href":"https:\/\/karismamedia.fi\/index.php?rest_route=\/wp\/v2\/pages\/24","targetHints":{"allow":["GET"]}}],"collection":[{"href":"https:\/\/karismamedia.fi\/index.php?rest_route=\/wp\/v2\/pages"}],"about":[{"href":"https:\/\/karismamedia.fi\/index.php?rest_route=\/wp\/v2\/types\/page"}],"author":[{"embeddable":true,"href":"https:\/\/karismamedia.fi\/index.php?rest_route=\/wp\/v2\/users\/1"}],"replies":[{"embeddable":true,"href":"https:\/\/karismamedia.fi\/index.php?rest_route=%2Fwp%2Fv2%2Fcomments&post=24"}],"version-history":[{"count":17,"href":"https:\/\/karismamedia.fi\/index.php?rest_route=\/wp\/v2\/pages\/24\/revisions"}],"predecessor-version":[{"id":397,"href":"https:\/\/karismamedia.fi\/index.php?rest_route=\/wp\/v2\/pages\/24\/revisions\/397"}],"wp:attachment":[{"href":"https:\/\/karismamedia.fi\/index.php?rest_route=%2Fwp%2Fv2%2Fmedia&parent=24"}],"curies":[{"name":"wp","href":"https:\/\/api.w.org\/{rel}","templated":true}]}}